{"id":20,"date":"2021-05-28T21:42:58","date_gmt":"2021-05-28T19:42:58","guid":{"rendered":"http:\/\/gite-le-montagnard.com\/?page_id=20"},"modified":"2021-11-19T21:00:30","modified_gmt":"2021-11-19T20:00:30","slug":"contact","status":"publish","type":"page","link":"https:\/\/gite-le-montagnard.com\/index.php\/contact\/","title":{"rendered":"Situation et Contact"},"content":{"rendered":"\n<p><strong>Contact et R\u00e9servations :<\/strong><\/p>\n\n\n\n<p>06 08 22 15 31&nbsp;<\/p>\n\n\n\n<p>lauriane.labbe@yahoo.com<\/p>\n\n\n\n<p>&#8212;&#8212;&#8212;&#8212;&#8212;&#8212;&#8212;&#8212;&#8212;&#8212;&#8212;&#8212;&#8212;&#8212;&#8212;&#8212;&#8212;&#8212;&#8212;&#8212;&#8212;&#8212;&#8212;&#8212;&#8212;&#8212;&#8212;-<\/p>\n\n\n\n<p><strong>Adresse du g\u00eete : <\/strong><\/p>\n\n\n\n<p>Le mollard &#8211; La ferri\u00e8re &#8211; 38580 Le Haut Br\u00e9da<\/p>\n","protected":false},"excerpt":{"rendered":"<p>Contact et R\u00e9servations : 06 08 22 15 31&nbsp; lauriane.labbe@yahoo.com &#8212;&#8212;&#8212;&#8212;&#8212;&#8212;&#8212;&#8212;&#8212;&#8212;&#8212;&#8212;&#8212;&#8212;&#8212;&#8212;&#8212;&#8212;&#8212;&#8212;&#8212;&#8212;&#8212;&#8212;&#8212;&#8212;&#8212;- Adresse du g\u00eete : Le mollard &#8211; La ferri\u00e8re &#8211; 38580 Le Haut Br\u00e9da<\/p>\n","protected":false},"author":1,"featured_media":0,"parent":0,"menu_order":0,"comment_status":"closed","ping_status":"closed","template":"","meta":[],"_links":{"self":[{"href":"https:\/\/gite-le-montagnard.com\/index.php\/wp-json\/wp\/v2\/pages\/20"}],"collection":[{"href":"https:\/\/gite-le-montagnard.com\/index.php\/wp-json\/wp\/v2\/pages"}],"about":[{"href":"https:\/\/gite-le-montagnard.com\/index.php\/wp-json\/wp\/v2\/types\/page"}],"author":[{"embeddable":true,"href":"https:\/\/gite-le-montagnard.com\/index.php\/wp-json\/wp\/v2\/users\/1"}],"replies":[{"embeddable":true,"href":"https:\/\/gite-le-montagnard.com\/index.php\/wp-json\/wp\/v2\/comments?post=20"}],"version-history":[{"count":3,"href":"https:\/\/gite-le-montagnard.com\/index.php\/wp-json\/wp\/v2\/pages\/20\/revisions"}],"predecessor-version":[{"id":169,"href":"https:\/\/gite-le-montagnard.com\/index.php\/wp-json\/wp\/v2\/pages\/20\/revisions\/169"}],"wp:attachment":[{"href":"https:\/\/gite-le-montagnard.com\/index.php\/wp-json\/wp\/v2\/media?parent=20"}],"curies":[{"name":"wp","href":"https:\/\/api.w.org\/{rel}","templated":true}]}}